{"id":54,"date":"2019-08-02T13:37:02","date_gmt":"2019-08-02T11:37:02","guid":{"rendered":"http:\/\/chegusto.fr\/?page_id=54"},"modified":"2022-03-01T13:48:04","modified_gmt":"2022-03-01T12:48:04","slug":"concerts","status":"publish","type":"page","link":"https:\/\/chegusto.fr\/?page_id=54","title":{"rendered":"Nous \u00e9couter"},"content":{"rendered":"\n<h2>Cliquez pour \u00e9couter des extraits de nos concerts<\/h2>\n\n\n\n<figure class=\"wp-block-audio\"><audio controls src=\"http:\/\/chegusto.fr\/wp-content\/uploads\/2020\/05\/Che-Gusto_Le-Chant-des-Oyseaux-Janequin.mp3\"><\/audio><figcaption><em>Le Chant des Oyseaux<\/em> (Cl\u00e9ment Janequin) \/ Enregistrement &#8220;confin\u00e9&#8221; &#8211; Avril 2020<\/figcaption><\/figure>\n\n\n\n<figure class=\"wp-block-audio\"><audio controls src=\"http:\/\/chegusto.fr\/wp-content\/uploads\/2020\/05\/IL-EST-BEL-ET-BON.mp3\"><\/audio><figcaption><em>Il est bel et bon<\/em> (Pierre Passereau) \/ Enregistrement &#8220;confin\u00e9&#8221; Avril 2020<\/figcaption><\/figure>\n\n\n\n<figure class=\"wp-block-audio\"><audio controls src=\"http:\/\/chegusto.fr\/wp-content\/uploads\/2020\/05\/MON-COEUR-SE-RECOMMANDE-A-VOUS.mp3\"><\/audio><figcaption><em>Mon c\u0153ur se recommande \u00e0 vous<\/em> (Orlando de Lassus) \/ Enregistrement &#8220;confin\u00e9&#8221; Avril 2020<\/figcaption><\/figure>\n\n\n\n<figure class=\"wp-block-audio aligncenter\"><audio controls src=\"http:\/\/chegusto.fr\/wp-content\/uploads\/2019\/08\/Guerrero-Ni\u00f1o-Dios-damor-herido-nr_1.mp3\"><\/audio><figcaption><em>Ni\u00f1o Dios d&#8217;amor herido <\/em>(Francisco Guerrero) \/ Rencontre des chorales de Saint-Maur &#8211; 22 Juin 2019<\/figcaption><\/figure>\n\n\n\n<figure class=\"wp-block-audio aligncenter\"><audio controls src=\"http:\/\/chegusto.fr\/wp-content\/uploads\/2019\/08\/Rossi-Elohim-Hashivenu-nr_1.mp3\"><\/audio><figcaption><em>Elohim Hashiveinu <\/em>(Salomone Rossi) \/ Rencontre des chorales de Saint-Maur &#8211; 22 Juin 2019<\/figcaption><\/figure>\n\n\n\n<figure class=\"wp-block-audio aligncenter\"><audio controls src=\"http:\/\/chegusto.fr\/wp-content\/uploads\/2019\/08\/Costeley-Mignonne-allons-voir-nr_1.mp3\"><\/audio><figcaption><em>Mignonne allons voir <\/em>(Guillaume Costeley) \/ Rencontre des chorales de Saint-Maur &#8211; 22 Juin 2019<\/figcaption><\/figure>\n\n\n\n<figure class=\"wp-block-audio aligncenter\"><audio controls src=\"http:\/\/chegusto.fr\/wp-content\/uploads\/2019\/08\/Rossi-Hallelouyah.mp3\"><\/audio><figcaption><em>Hallelouyah, Halleli nafshi <\/em>(Salomone Rossi) \/ Rencontre des chorales juives &#8211; 23 Juin 2019<\/figcaption><\/figure>\n\n\n\n<figure class=\"wp-block-audio aligncenter\"><audio controls src=\"http:\/\/chegusto.fr\/wp-content\/uploads\/2019\/08\/Rossi-Barekhu.mp3\"><\/audio><figcaption><em>Barekhu<\/em> (Salomone Rossi) \/ Rencontre des chorales juives &#8211; 23 Juin 2019<\/figcaption><\/figure>\n\n\n\n<figure class=\"wp-block-audio aligncenter\"><audio controls src=\"http:\/\/chegusto.fr\/wp-content\/uploads\/2019\/08\/Rossi-Mizmor-le-Asaf.mp3\"><\/audio><figcaption>Mizmor le-Asaf (Salomone Rossi) \/ Rencontre des chorales juives &#8211; 23 Juin 2019<\/figcaption><\/figure>\n\n\n\n<figure class=\"wp-block-audio aligncenter\"><audio controls src=\"http:\/\/chegusto.fr\/wp-content\/uploads\/2019\/08\/Now-O-now-I-needs-must-part.mp3\"><\/audio><figcaption><em>Now, O now I needs must part <\/em>(John Dowland) \/ Concert \u00e0 Nogent-sur-Marne &#8211; 29 Juin 2016<br><\/figcaption><\/figure>\n\n\n\n<figure class=\"wp-block-audio aligncenter\"><audio controls src=\"http:\/\/chegusto.fr\/wp-content\/uploads\/2019\/08\/Caccini-Sio-men-vo.mp3\"><\/audio><figcaption><em>S&#8217;io men vo <\/em>(Francesca Caccini) \/ Concert \u00e0 Montmartre &#8211; 12 D\u00e9cembre 2018<\/figcaption><\/figure>\n\n\n\n<figure class=\"wp-block-audio aligncenter\"><audio controls src=\"http:\/\/chegusto.fr\/wp-content\/uploads\/2019\/08\/Monteverdi-Si-come-crescon-r_1.mp3\"><\/audio><figcaption><em>Si come crescon<\/em> (Claudio Monteverdi) \/ Concert de R\u00e9veillon \u00e0 Paris 16 &#8211; 31 D\u00e9cembre 2018<br><\/figcaption><\/figure>\n\n\n\n<p><\/p>\n","protected":false},"excerpt":{"rendered":"<p>Cliquez pour \u00e9couter des extraits de nos concerts<\/p>\n","protected":false},"author":1,"featured_media":167,"parent":0,"menu_order":0,"comment_status":"closed","ping_status":"closed","template":"","meta":[],"_links":{"self":[{"href":"https:\/\/chegusto.fr\/index.php?rest_route=\/wp\/v2\/pages\/54"}],"collection":[{"href":"https:\/\/chegusto.fr\/index.php?rest_route=\/wp\/v2\/pages"}],"about":[{"href":"https:\/\/chegusto.fr\/index.php?rest_route=\/wp\/v2\/types\/page"}],"author":[{"embeddable":true,"href":"https:\/\/chegusto.fr\/index.php?rest_route=\/wp\/v2\/users\/1"}],"replies":[{"embeddable":true,"href":"https:\/\/chegusto.fr\/index.php?rest_route=%2Fwp%2Fv2%2Fcomments&post=54"}],"version-history":[{"count":30,"href":"https:\/\/chegusto.fr\/index.php?rest_route=\/wp\/v2\/pages\/54\/revisions"}],"predecessor-version":[{"id":281,"href":"https:\/\/chegusto.fr\/index.php?rest_route=\/wp\/v2\/pages\/54\/revisions\/281"}],"wp:featuredmedia":[{"embeddable":true,"href":"https:\/\/chegusto.fr\/index.php?rest_route=\/wp\/v2\/media\/167"}],"wp:attachment":[{"href":"https:\/\/chegusto.fr\/index.php?rest_route=%2Fwp%2Fv2%2Fmedia&parent=54"}],"curies":[{"name":"wp","href":"https:\/\/api.w.org\/{rel}","templated":true}]}}